{"id":630,"date":"2021-01-13T19:30:47","date_gmt":"2021-01-13T18:30:47","guid":{"rendered":"http:\/\/www.martin-bussmann.de\/wordpress\/?page_id=630"},"modified":"2021-11-24T09:58:27","modified_gmt":"2021-11-24T08:58:27","slug":"impressum","status":"publish","type":"page","link":"https:\/\/dielaufwerkstatt.de\/index.php\/impressum\/","title":{"rendered":"Impressum"},"content":{"rendered":"\t\t<div data-elementor-type=\"wp-page\" data-elementor-id=\"630\" class=\"elementor elementor-630\">\n\t\t\t\t\t\t<div class=\"elementor-inner\">\n\t\t\t\t<div class=\"elementor-section-wrap\">\n\t\t\t\t\t\t\t\t\t<section class=\"elementor-section elementor-top-section elementor-element elementor-element-b3545e8 elementor-section-boxed elementor-section-height-default elementor-section-height-default\" data-id=\"b3545e8\" data-element_type=\"section\">\n\t\t\t\t\t\t<div class=\"elementor-container elementor-column-gap-default\">\n\t\t\t\t\t\t\t<div class=\"elementor-row\">\n\t\t\t\t\t<div class=\"elementor-column elementor-col-33 elementor-top-column elementor-element elementor-element-87cc9c0\" data-id=\"87cc9c0\" data-element_type=\"column\">\n\t\t\t<div class=\"elementor-column-wrap elementor-element-populated\">\n\t\t\t\t\t\t\t<div class=\"elementor-widget-wrap\">\n\t\t\t\t\t\t<div class=\"elementor-element elementor-element-48b3318 elementor-widget elementor-widget-text-editor\" data-id=\"48b3318\" data-element_type=\"widget\" data-widget_type=\"text-editor.default\">\n\t\t\t\t<div class=\"elementor-widget-container\">\n\t\t\t\t\t\t\t\t<div class=\"elementor-text-editor elementor-clearfix\">\n\t\t\t\t<h2><strong>BETREIBER<\/strong><\/h2><p>Die Laufwerkstatt UG (haftungsbeschr\u00e4nkt)<br \/>Gesch\u00e4ftsf\u00fchrer: Barbara Rohr<br \/>K\u00f6nigsdorfer Stra\u00dfe 2<br \/>83646 Bad T\u00f6lz<\/p>\t\t\t\t\t<\/div>\n\t\t\t\t\t\t<\/div>\n\t\t\t\t<\/div>\n\t\t\t\t\t\t<\/div>\n\t\t\t\t\t<\/div>\n\t\t<\/div>\n\t\t\t\t<div class=\"elementor-column elementor-col-33 elementor-top-column elementor-element elementor-element-a90b5f3\" data-id=\"a90b5f3\" data-element_type=\"column\">\n\t\t\t<div class=\"elementor-column-wrap elementor-element-populated\">\n\t\t\t\t\t\t\t<div class=\"elementor-widget-wrap\">\n\t\t\t\t\t\t<div class=\"elementor-element elementor-element-c023e15 elementor-widget elementor-widget-text-editor\" data-id=\"c023e15\" data-element_type=\"widget\" data-widget_type=\"text-editor.default\">\n\t\t\t\t<div class=\"elementor-widget-container\">\n\t\t\t\t\t\t\t\t<div class=\"elementor-text-editor elementor-clearfix\">\n\t\t\t\t<h2>KOMMUNIKATION<\/h2><p>Telefon: 08041\/4407048<br \/>E-Mail:\u00a0<a href=\"mailto:kontakt@dielaufwerkstatt.de\" target=\"_blank\" rel=\"noopener\">kontakt@dielaufwerkstatt.de<\/a><\/p>\t\t\t\t\t<\/div>\n\t\t\t\t\t\t<\/div>\n\t\t\t\t<\/div>\n\t\t\t\t\t\t<\/div>\n\t\t\t\t\t<\/div>\n\t\t<\/div>\n\t\t\t\t<div class=\"elementor-column elementor-col-33 elementor-top-column elementor-element elementor-element-27ed741\" data-id=\"27ed741\" data-element_type=\"column\">\n\t\t\t<div class=\"elementor-column-wrap elementor-element-populated\">\n\t\t\t\t\t\t\t<div class=\"elementor-widget-wrap\">\n\t\t\t\t\t\t<div class=\"elementor-element elementor-element-db12cca elementor-widget elementor-widget-text-editor\" data-id=\"db12cca\" data-element_type=\"widget\" data-widget_type=\"text-editor.default\">\n\t\t\t\t<div class=\"elementor-widget-container\">\n\t\t\t\t\t\t\t\t<div class=\"elementor-text-editor elementor-clearfix\">\n\t\t\t\t<h2>RECHTLICHES<\/h2><p>Verantwortlich f\u00fcr den Inhalt nach \u00a7 55 Abs. 2 RStV:<br \/>Joachim W\u00f6hrle<br \/>Salzstra\u00dfe 5<br \/>83646 Bad T\u00f6lz<\/p><p>Registergericht: Amtsgericht M\u00fcnchen<br \/>Registernummer: HRB 262208<br \/>Umsatzsteuer-Identifikationsnummer: DE338780276<\/p>\t\t\t\t\t<\/div>\n\t\t\t\t\t\t<\/div>\n\t\t\t\t<\/div>\n\t\t\t\t\t\t<\/div>\n\t\t\t\t\t<\/div>\n\t\t<\/div>\n\t\t\t\t\t\t\t\t<\/div>\n\t\t\t\t\t<\/div>\n\t\t<\/section>\n\t\t\t\t<section class=\"elementor-section elementor-top-section elementor-element elementor-element-b7f6675 elementor-section-boxed elementor-section-height-default elementor-section-height-default\" data-id=\"b7f6675\" data-element_type=\"section\">\n\t\t\t\t\t\t<div class=\"elementor-container elementor-column-gap-default\">\n\t\t\t\t\t\t\t<div class=\"elementor-row\">\n\t\t\t\t\t<div class=\"elementor-column elementor-col-100 elementor-top-column elementor-element elementor-element-6f57260\" data-id=\"6f57260\" data-element_type=\"column\">\n\t\t\t<div class=\"elementor-column-wrap elementor-element-populated\">\n\t\t\t\t\t\t\t<div class=\"elementor-widget-wrap\">\n\t\t\t\t\t\t<div class=\"elementor-element elementor-element-d368b01 elementor-widget elementor-widget-text-editor\" data-id=\"d368b01\" data-element_type=\"widget\" data-widget_type=\"text-editor.default\">\n\t\t\t\t<div class=\"elementor-widget-container\">\n\t\t\t\t\t\t\t\t<div class=\"elementor-text-editor elementor-clearfix\">\n\t\t\t\t<h2>RECHTLICHE HINWEISE<\/h2><p>Unsere Website ist Gegenstand der nachfolgenden Nutzungsbedingungen, die f\u00fcr die Benutzung der Website zwischen dem<br \/>Nutzer und uns mit dem Aufruf dieser Website verbindlich vereinbart werden:<\/p><h3>1. INHALTE UND LINKS<\/h3><p>Wir bem\u00fchen uns um Richtigkeit, Aktualit\u00e4t und Vollst\u00e4ndigkeit der Informationen und haben die Inhalte unserer Website<br \/>sorgf\u00e4ltig erarbeitet und \u00fcberpr\u00fcfen diese kontinuierlich. Wir \u00fcbernehmen die Haftung f\u00fcr die Inhalte unserer Website gem\u00e4\u00df<br \/>den gesetzlichen Bestimmungen. Eine Gew\u00e4hr f\u00fcr Richtigkeit und Vollst\u00e4ndigkeit der auf unserer Website befindlichen<br \/>Informationen wird allerdings nicht \u00fcbernommen.<br \/>Verweise und Links auf Websites Dritter bedeuten nicht, dass wir uns die hinter dem Verweis oder Link liegenden Inhalte zu<br \/>Eigen machen. Wir haben keinen Einfluss auf die hinter dem Link liegenden Inhalte und daher keine Verantwortung f\u00fcr die<br \/>dort vom Dritten bereitgehaltenen Daten und Informationen \u00fcbernehmen. F\u00fcr rechtswidrige, fehlerhafte oder unvollst\u00e4ndige<br \/>Inhalte und f\u00fcr Sch\u00e4den, die aufgrund der Nutzung von einem hinter dem Link liegenden Inhalt verursacht worden sind, haften<br \/>wir daher nicht.<br \/>Es ist gestattet, einen Link auf unsere Website zu setzen, soweit er allein der Querreferenz dient. Wir behalten uns jedoch das<br \/>Recht vor, die Gestattung jederzeit zu widerrufen. Das Framen dieser Website ist nicht gestattet.<\/p><h3>2. URHEBERRECHT\/GEWERBLICHE SCHUTZRECHTE<\/h3><p>Unsere Website beinhaltet Daten und Informationen aller Art, die marken- und\/oder urheberrechtlich zu unseren Gunsten<br \/>oder im Einzelfall auch zu Gunsten Dritter, insbesondere der Hersteller der angebotenen Waren, gesch\u00fctzt sind. Es ist daher<br \/>nicht gestattet, unsere Website im Ganzen oder Teile davon herunterzuladen, zu vervielf\u00e4ltigen und zu verbreiten. Gestattet ist<br \/>nur die \u00fcbliche Benutzung unserer Website, vor allem die technisch bedingte Vervielf\u00e4ltigung zum Zwecke des Browsing,<br \/>soweit diese Handlung keinem \u00fcber den Wareneinkauf hinausgehendem wirtschaftlichen Zweck dient, sowie die dauerhafte<br \/>Vervielf\u00e4ltigung f\u00fcr den eigenen Gebrauch.<\/p><h3>3. DATENSCHUTZ<\/h3><p>Pers\u00f6nliche Daten, die Sie uns \u00fcber diese Website zukommen lassen, etwa durch Objektanfragen oder Newsletterorder,<br \/>werden selbstverst\u00e4ndlich vertraulich behandelt. Mit dem Absenden dieser Angaben erkl\u00e4ren Sie sich damit einverstanden,<br \/>dass Ihre Daten zur Bearbeitung im Sinne des Bundesdatenschutzgesetzes und des Telemediengesetzes in unserer EDV<br \/>erfasst werden. Im \u00dcbrigen verweisen wir auf die Datenschutzerkl\u00e4rung unserer Website, die unter der Rubrik \u201eDatenschutz\u201c<br \/>jederzeit abrufbar ist.<\/p><h3>4. HAFTUNGSAUSSCHLUSS<\/h3><p>Die Nutzung des Internets erfolgt auf eigene Gefahr des Nutzers. Wir haften vor allem nicht f\u00fcr den technisch bedingten<br \/>Ausfall des Internets bzw. des Zugangs zum Internet.<\/p><h3>5. GERICHTSSTAND, GELTENDES RECHT UND \u00c4NDERUNG DER NUTZUNGSBEDINGUNGEN<\/h3><p>Der \u00f6rtliche Gerichtsstand richtet sich, wenn der Nutzer Kaufmann, juristische Person des \u00f6ffentlichen Rechts oder<br \/>\u00f6ffentlich-rechtliches Sonderverm\u00f6gen ist, nach dem Sitz unseres Unternehmens, es sei denn, es besteht von Gesetzes<br \/>wegen ein ausschlie\u00dflicher Gerichtstand. Wir sind jedoch auch berechtigt, am Allgemeinen Gerichtsstand des Nutzers zu<br \/>klagen, sofern kein ausschlie\u00dflicher gesetzlicher Gerichtsstand besteht. Es gilt Deutsches Recht unter Ausschluss des UN<br \/>Kaufrechts.<\/p><p>Wir behalten uns das Recht vor, diese Nutzungsbedingen von Zeit zu Zeit zu modifizieren und sie der technischen sowie rechtlichen Entwicklung anzupassen. Wir empfehlen daher, dass der Nutzer bei wiederholter Benutzung unserer Website diese Nutzungsbedingungen regelm\u00e4\u00dfig einsieht und auf Ver\u00e4nderungen pr\u00fcft.<\/p><p>Im Falle der Unwirksamkeit einzelner Regelungen dieser Nutzungsvereinbarung bleibt die Wirksamkeit im \u00dcbrigen unber\u00fchrt.<\/p>\t\t\t\t\t<\/div>\n\t\t\t\t\t\t<\/div>\n\t\t\t\t<\/div>\n\t\t\t\t\t\t<\/div>\n\t\t\t\t\t<\/div>\n\t\t<\/div>\n\t\t\t\t\t\t\t\t<\/div>\n\t\t\t\t\t<\/div>\n\t\t<\/section>\n\t\t\t\t\t\t\t\t\t<\/div>\n\t\t\t<\/div>\n\t\t\t\t\t<\/div>\n\t\t","protected":false},"excerpt":{"rendered":"<p>BETREIBER Die Laufwerkstatt UG (haftungsbeschr\u00e4nkt) Gesch\u00e4ftsf\u00fchrer: Barbara Rohr K\u00f6nigsdorfer Stra\u00dfe 2 83646 Bad T\u00f6lz KOMMUNIKATION Telefon: 08041\/4407048 E-Mail:&nbsp;kontakt@dielaufwerkstatt.de RECHTLICHES Verantwortlich f\u00fcr den Inhalt nach \u00a7 55 Abs. 2 RStV: Joachim W\u00f6hrle Salzstra\u00dfe 5 83646 Bad T\u00f6lz Registergericht: Amtsgericht M\u00fcnchen Registernummer: HRB 262208 Umsatzsteuer-Identifikationsnummer: DE338780276 RECHTLICHE HINWEISE Unsere Website ist Gegenstand der nachfolgenden Nutzungsbedingungen, die f\u00fcr [&hellip;]<\/p>\n","protected":false},"author":1,"featured_media":0,"parent":0,"menu_order":0,"comment_status":"closed","ping_status":"closed","template":"","meta":{"inline_featured_image":false,"footnotes":""},"class_list":["post-630","page","type-page","status-publish","hentry","entry"],"_links":{"self":[{"href":"https:\/\/dielaufwerkstatt.de\/index.php\/wp-json\/wp\/v2\/pages\/630","targetHints":{"allow":["GET"]}}],"collection":[{"href":"https:\/\/dielaufwerkstatt.de\/index.php\/wp-json\/wp\/v2\/pages"}],"about":[{"href":"https:\/\/dielaufwerkstatt.de\/index.php\/wp-json\/wp\/v2\/types\/page"}],"author":[{"embeddable":true,"href":"https:\/\/dielaufwerkstatt.de\/index.php\/wp-json\/wp\/v2\/users\/1"}],"replies":[{"embeddable":true,"href":"https:\/\/dielaufwerkstatt.de\/index.php\/wp-json\/wp\/v2\/comments?post=630"}],"version-history":[{"count":23,"href":"https:\/\/dielaufwerkstatt.de\/index.php\/wp-json\/wp\/v2\/pages\/630\/revisions"}],"predecessor-version":[{"id":1524,"href":"https:\/\/dielaufwerkstatt.de\/index.php\/wp-json\/wp\/v2\/pages\/630\/revisions\/1524"}],"wp:attachment":[{"href":"https:\/\/dielaufwerkstatt.de\/index.php\/wp-json\/wp\/v2\/media?parent=630"}],"curies":[{"name":"wp","href":"https:\/\/api.w.org\/{rel}","templated":true}]}}