{"id":570,"date":"2021-01-11T16:38:27","date_gmt":"2021-01-11T15:38:27","guid":{"rendered":"http:\/\/192.168.178.100\/wordpress\/?page_id=570"},"modified":"2025-05-26T15:07:03","modified_gmt":"2025-05-26T13:07:03","slug":"unsere-leistungen","status":"publish","type":"page","link":"https:\/\/dielaufwerkstatt.de\/index.php\/unsere-leistungen\/","title":{"rendered":"Unsere Leistungen"},"content":{"rendered":"\t\t<div data-elementor-type=\"wp-page\" data-elementor-id=\"570\" class=\"elementor elementor-570\">\n\t\t\t\t\t\t<div class=\"elementor-inner\">\n\t\t\t\t<div class=\"elementor-section-wrap\">\n\t\t\t\t\t\t\t\t\t<section class=\"elementor-section elementor-top-section elementor-element elementor-element-24a9c9a elementor-section-boxed elementor-section-height-default elementor-section-height-default\" data-id=\"24a9c9a\" data-element_type=\"section\">\n\t\t\t\t\t\t<div class=\"elementor-container elementor-column-gap-default\">\n\t\t\t\t\t\t\t<div class=\"elementor-row\">\n\t\t\t\t\t<div class=\"elementor-column elementor-col-100 elementor-top-column elementor-element elementor-element-e69be5a\" data-id=\"e69be5a\" data-element_type=\"column\">\n\t\t\t<div class=\"elementor-column-wrap elementor-element-populated\">\n\t\t\t\t\t\t\t<div class=\"elementor-widget-wrap\">\n\t\t\t\t\t\t<div class=\"elementor-element elementor-element-85146c8 elementor-widget elementor-widget-heading\" data-id=\"85146c8\" data-element_type=\"widget\" data-widget_type=\"heading.default\">\n\t\t\t\t<div class=\"elementor-widget-container\">\n\t\t\t<h2 class=\"elementor-heading-title elementor-size-default\">DIE LAUFANALYSE<\/h2>\t\t<\/div>\n\t\t\t\t<\/div>\n\t\t\t\t<div class=\"elementor-element elementor-element-61332da elementor-widget-divider--view-line elementor-widget elementor-widget-divider\" data-id=\"61332da\" data-element_type=\"widget\" data-widget_type=\"divider.default\">\n\t\t\t\t<div class=\"elementor-widget-container\">\n\t\t\t\t\t<div class=\"elementor-divider\">\n\t\t\t<span class=\"elementor-divider-separator\">\n\t\t\t\t\t\t<\/span>\n\t\t<\/div>\n\t\t\t\t<\/div>\n\t\t\t\t<\/div>\n\t\t\t\t\t\t<\/div>\n\t\t\t\t\t<\/div>\n\t\t<\/div>\n\t\t\t\t\t\t\t\t<\/div>\n\t\t\t\t\t<\/div>\n\t\t<\/section>\n\t\t\t\t<section class=\"elementor-section elementor-top-section elementor-element elementor-element-b7ec8b7 elementor-section-boxed elementor-section-height-default elementor-section-height-default\" data-id=\"b7ec8b7\" data-element_type=\"section\">\n\t\t\t\t\t\t<div class=\"elementor-container elementor-column-gap-default\">\n\t\t\t\t\t\t\t<div class=\"elementor-row\">\n\t\t\t\t\t<div class=\"elementor-column elementor-col-100 elementor-top-column elementor-element elementor-element-7a984b9\" data-id=\"7a984b9\" data-element_type=\"column\">\n\t\t\t<div class=\"elementor-column-wrap elementor-element-populated\">\n\t\t\t\t\t\t\t<div class=\"elementor-widget-wrap\">\n\t\t\t\t\t\t<div class=\"elementor-element elementor-element-27b5c7d elementor-widget elementor-widget-text-editor\" data-id=\"27b5c7d\" data-element_type=\"widget\" data-widget_type=\"text-editor.default\">\n\t\t\t\t<div class=\"elementor-widget-container\">\n\t\t\t\t\t\t\t\t<div class=\"elementor-text-editor elementor-clearfix\">\n\t\t\t\t<p>Zu einer guten Laufschuhberatung geh\u00f6rt heute eine video- und computergest\u00fctzte Analyse. Wir nutzen hierf\u00fcr das Analysesystem von currex, dem Hamburger Unternehmen, das u.a. spezialisiert ist auf Software- und Messsysteme sowie Komplettanlagen zur orthop\u00e4dischen Biometrie.<\/p>\t\t\t\t\t<\/div>\n\t\t\t\t\t\t<\/div>\n\t\t\t\t<\/div>\n\t\t\t\t\t\t<\/div>\n\t\t\t\t\t<\/div>\n\t\t<\/div>\n\t\t\t\t\t\t\t\t<\/div>\n\t\t\t\t\t<\/div>\n\t\t<\/section>\n\t\t\t\t<section class=\"elementor-section elementor-top-section elementor-element elementor-element-b6b0cb5 elementor-section-boxed elementor-section-height-default elementor-section-height-default\" data-id=\"b6b0cb5\" data-element_type=\"section\">\n\t\t\t\t\t\t<div class=\"elementor-container elementor-column-gap-default\">\n\t\t\t\t\t\t\t<div class=\"elementor-row\">\n\t\t\t\t\t<div class=\"elementor-column elementor-col-50 elementor-top-column elementor-element elementor-element-53a9045\" data-id=\"53a9045\" data-element_type=\"column\">\n\t\t\t<div class=\"elementor-column-wrap elementor-element-populated\">\n\t\t\t\t\t\t\t<div class=\"elementor-widget-wrap\">\n\t\t\t\t\t\t<div class=\"elementor-element elementor-element-9e1b6f9 elementor-widget elementor-widget-text-editor\" data-id=\"9e1b6f9\" data-element_type=\"widget\" data-widget_type=\"text-editor.default\">\n\t\t\t\t<div class=\"elementor-widget-container\">\n\t\t\t\t\t\t\t\t<div class=\"elementor-text-editor elementor-clearfix\">\n\t\t\t\t<h3>Modul 1<\/h3><p>Zun\u00e4chst wird die Funktionalit\u00e4t und Stabilit\u00e4t der Beine und F\u00fc\u00dfe \u00fcberpr\u00fcft (Fu\u00dfstatus\/ -typ, Rotationsstellung der F\u00fc\u00dfe, Beweglichkeit der oberen Fu\u00dfgelenke, Fu\u00dfaufsatz beim Laufen, statische Beinachse, Beinachse in der Dynamik). Bereits hieraus l\u00e4sst sich eine Schuhempfehlung ableiten. Auf dem Laufband vergleichen wir dann den Barfu\u00dflauf mit dem Lauf mit dem ausgew\u00e4hlten Sportschuh. Ziel ist es, identifizierte Schwachstellen mit Hilfe des richtigen Schuhs auszugleichen. Da Deine L\u00e4ufe per Video aufgezeichnet werden, kannst Du alles selbst nachverfolgen.<\/p><p>F\u00fcr das Modul 1 musst Du einen Zeitaufwand von ca. 30 bis 45 Minuten einrechnen. Idealerweise bringst Du Deine bisherigen Laufschuhe und bequeme Kleidung mit.<\/p><p>Wenn Du einen Laufschuh bei uns kaufst, ist die Analyse, f\u00fcr die wir 30 EUR berechnen, kostenfrei! Du m\u00f6chtest nur eine Analyse? Auch dann bist Du bei uns herzlich willkommen!\u00a0 F\u00fcr die fundierte Analyse stellen wir in diesem Fall 30 EUR in Rechnung. Solltest Du innerhalb von 2 Monaten nach Analyse einen Laufschuh bei uns kaufen, dann verrechnen wir den Betrag von 30 EUR mit dem Laden-Verkaufspreis f\u00fcr den ausgew\u00e4hlten Schuh. <\/p><p>Wir bitte um vorherige Terminvereinbarung!<\/p>\t\t\t\t\t<\/div>\n\t\t\t\t\t\t<\/div>\n\t\t\t\t<\/div>\n\t\t\t\t\t\t<\/div>\n\t\t\t\t\t<\/div>\n\t\t<\/div>\n\t\t\t\t<div class=\"elementor-column elementor-col-50 elementor-top-column elementor-element elementor-element-07db4bc\" data-id=\"07db4bc\" data-element_type=\"column\">\n\t\t\t<div class=\"elementor-column-wrap elementor-element-populated\">\n\t\t\t\t\t\t\t<div class=\"elementor-widget-wrap\">\n\t\t\t\t\t\t<div class=\"elementor-element elementor-element-c5f65cb elementor-widget elementor-widget-text-editor\" data-id=\"c5f65cb\" data-element_type=\"widget\" data-widget_type=\"text-editor.default\">\n\t\t\t\t<div class=\"elementor-widget-container\">\n\t\t\t\t\t\t\t\t<div class=\"elementor-text-editor elementor-clearfix\">\n\t\t\t\t<h3>Modul 2<\/h3><p>Gerne drucken wir die Analyseergebnisse f\u00fcr Dich aus und geben Dir die Unterlagen mit, damit Du auch zuhause alles noch einmal nachvollziehen kannst. Zus\u00e4tzlich erh\u00e4ltst Du von uns gezielte Tipps und Anleitung f\u00fcr Stretching-\u00dcbungen und \u00dcbungen zur St\u00e4rkung der Muskulatur. F\u00fcr dieses zus\u00e4tzliche Modul stellen wir 20 EUR in Rechnung.<\/p>\t\t\t\t\t<\/div>\n\t\t\t\t\t\t<\/div>\n\t\t\t\t<\/div>\n\t\t\t\t\t\t<\/div>\n\t\t\t\t\t<\/div>\n\t\t<\/div>\n\t\t\t\t\t\t\t\t<\/div>\n\t\t\t\t\t<\/div>\n\t\t<\/section>\n\t\t\t\t<section class=\"elementor-section elementor-top-section elementor-element elementor-element-e38c240 elementor-section-boxed elementor-section-height-default elementor-section-height-default\" data-id=\"e38c240\" data-element_type=\"section\">\n\t\t\t\t\t\t<div class=\"elementor-container elementor-column-gap-default\">\n\t\t\t\t\t\t\t<div class=\"elementor-row\">\n\t\t\t\t\t<div class=\"elementor-column elementor-col-100 elementor-top-column elementor-element elementor-element-b5066e6\" data-id=\"b5066e6\" data-element_type=\"column\">\n\t\t\t<div class=\"elementor-column-wrap elementor-element-populated\">\n\t\t\t\t\t\t\t<div class=\"elementor-widget-wrap\">\n\t\t\t\t\t\t<div class=\"elementor-element elementor-element-611fa26 elementor-widget elementor-widget-text-editor\" data-id=\"611fa26\" data-element_type=\"widget\" data-widget_type=\"text-editor.default\">\n\t\t\t\t<div class=\"elementor-widget-container\">\n\t\t\t\t\t\t\t\t<div class=\"elementor-text-editor elementor-clearfix\">\n\t\t\t\t<p>Welchen Nutzen hast Du aus der Laufanalyse?<\/p><p>Das Laufen entspricht einem hoch komplexen Vorgang und wird von vielen Variablen beeinflusst. Eine professionelle Analyse, unterst\u00fctzt durch modernste Technik, bietet die M\u00f6glichkeit, St\u00f6rungen im Bewegungsablauf zu identifizieren, den Laufstil zu optimieren und damit \u00dcberlastungen vorzubeugen. Mit der Analyse, verbunden mit der entsprechenden Laufschuhberatung und den gezielten Empfehlungen zur St\u00e4rkung der Muskulatur bist Du schlie\u00dflich perfekt ger\u00fcstet, um die gew\u00fcnschte Optimierung Deines Laufstils und Deiner Leistungsf\u00e4higkeit zu erreichen. Du wirst sehen, dann l\u00e4uft es!<\/p>\t\t\t\t\t<\/div>\n\t\t\t\t\t\t<\/div>\n\t\t\t\t<\/div>\n\t\t\t\t\t\t<\/div>\n\t\t\t\t\t<\/div>\n\t\t<\/div>\n\t\t\t\t\t\t\t\t<\/div>\n\t\t\t\t\t<\/div>\n\t\t<\/section>\n\t\t\t\t<section class=\"elementor-section elementor-top-section elementor-element elementor-element-dbe9ace elementor-section-boxed elementor-section-height-default elementor-section-height-default\" data-id=\"dbe9ace\" data-element_type=\"section\">\n\t\t\t\t\t\t<div class=\"elementor-container elementor-column-gap-default\">\n\t\t\t\t\t\t\t<div class=\"elementor-row\">\n\t\t\t\t\t<div class=\"elementor-column elementor-col-100 elementor-top-column elementor-element elementor-element-a52faed\" data-id=\"a52faed\" data-element_type=\"column\">\n\t\t\t<div class=\"elementor-column-wrap elementor-element-populated\">\n\t\t\t\t\t\t\t<div class=\"elementor-widget-wrap\">\n\t\t\t\t\t\t<div class=\"elementor-element elementor-element-580470b elementor-widget elementor-widget-heading\" data-id=\"580470b\" data-element_type=\"widget\" data-widget_type=\"heading.default\">\n\t\t\t\t<div class=\"elementor-widget-container\">\n\t\t\t<h2 class=\"elementor-heading-title elementor-size-default\">Weitere Angebote der Laufwerkstatt<\/h2>\t\t<\/div>\n\t\t\t\t<\/div>\n\t\t\t\t\t\t<\/div>\n\t\t\t\t\t<\/div>\n\t\t<\/div>\n\t\t\t\t\t\t\t\t<\/div>\n\t\t\t\t\t<\/div>\n\t\t<\/section>\n\t\t\t\t<section class=\"elementor-section elementor-top-section elementor-element elementor-element-acd9c97 elementor-section-boxed elementor-section-height-default elementor-section-height-default\" data-id=\"acd9c97\" data-element_type=\"section\">\n\t\t\t\t\t\t<div class=\"elementor-container elementor-column-gap-default\">\n\t\t\t\t\t\t\t<div class=\"elementor-row\">\n\t\t\t\t\t<div class=\"elementor-column elementor-col-33 elementor-top-column elementor-element elementor-element-b03c13f\" data-id=\"b03c13f\" data-element_type=\"column\">\n\t\t\t<div class=\"elementor-column-wrap elementor-element-populated\">\n\t\t\t\t\t\t\t<div class=\"elementor-widget-wrap\">\n\t\t\t\t\t\t<div class=\"elementor-element elementor-element-0effe14 elementor-widget elementor-widget-text-editor\" data-id=\"0effe14\" data-element_type=\"widget\" data-widget_type=\"text-editor.default\">\n\t\t\t\t<div class=\"elementor-widget-container\">\n\t\t\t\t\t\t\t\t<div class=\"elementor-text-editor elementor-clearfix\">\n\t\t\t\t<h3><strong>Leistungsdiagnostik (Testing)<br \/><\/strong><\/h3><h4><strong>\u20ac 135<\/strong><\/h4><ul><li>Analyse Deines bisherigen Trainings mit einem Laktatstufentest (Laufband)<\/li><li>Bestimmung Deines aeroben \/ anaeroben \u00dcbergangsbereiches<\/li><li>Festlegung Deiner optimalen Trainingsherzfrequenzen<\/li><li>Ausarbeitung eines zielgerichteten Rahmentrainings<\/li><\/ul>\t\t\t\t\t<\/div>\n\t\t\t\t\t\t<\/div>\n\t\t\t\t<\/div>\n\t\t\t\t\t\t<\/div>\n\t\t\t\t\t<\/div>\n\t\t<\/div>\n\t\t\t\t<div class=\"elementor-column elementor-col-33 elementor-top-column elementor-element elementor-element-e6b08b1\" data-id=\"e6b08b1\" data-element_type=\"column\">\n\t\t\t<div class=\"elementor-column-wrap elementor-element-populated\">\n\t\t\t\t\t\t\t<div class=\"elementor-widget-wrap\">\n\t\t\t\t\t\t<div class=\"elementor-element elementor-element-7424826 elementor-widget elementor-widget-text-editor\" data-id=\"7424826\" data-element_type=\"widget\" data-widget_type=\"text-editor.default\">\n\t\t\t\t<div class=\"elementor-widget-container\">\n\t\t\t\t\t\t\t\t<div class=\"elementor-text-editor elementor-clearfix\">\n\t\t\t\t<h3><strong>Masterpaket<\/strong><\/h3><h4><strong>\u20ac230<\/strong><\/h4><p>Hier erh\u00e4ltst Du zus\u00e4tzlich zur Leistungsdiagnostik w\u00f6chentliche zielgerichtete Trainingsvorgaben<br \/>(f\u00fcr 3 Monate) mit individuellen und variantenreichen Trainingsprogrammen.<\/p>\t\t\t\t\t<\/div>\n\t\t\t\t\t\t<\/div>\n\t\t\t\t<\/div>\n\t\t\t\t\t\t<\/div>\n\t\t\t\t\t<\/div>\n\t\t<\/div>\n\t\t\t\t<div class=\"elementor-column elementor-col-33 elementor-top-column elementor-element elementor-element-4935943\" data-id=\"4935943\" data-element_type=\"column\">\n\t\t\t<div class=\"elementor-column-wrap elementor-element-populated\">\n\t\t\t\t\t\t\t<div class=\"elementor-widget-wrap\">\n\t\t\t\t\t\t<div class=\"elementor-element elementor-element-620ae63 elementor-widget elementor-widget-text-editor\" data-id=\"620ae63\" data-element_type=\"widget\" data-widget_type=\"text-editor.default\">\n\t\t\t\t<div class=\"elementor-widget-container\">\n\t\t\t\t\t\t\t\t<div class=\"elementor-text-editor elementor-clearfix\">\n\t\t\t\t<h3><strong>Trainingsplan<\/strong><\/h3>\n<h4><strong>\u20ac120<\/strong><\/h4>\n<p>F\u00fcr einen Zeitraum von 3 Monaten erh\u00e4ltst Du von uns einen individuellen Trainingsplan, abgestimmt auf deine sportlichen Ziele.<\/p>\t\t\t\t\t<\/div>\n\t\t\t\t\t\t<\/div>\n\t\t\t\t<\/div>\n\t\t\t\t\t\t<\/div>\n\t\t\t\t\t<\/div>\n\t\t<\/div>\n\t\t\t\t\t\t\t\t<\/div>\n\t\t\t\t\t<\/div>\n\t\t<\/section>\n\t\t\t\t<section class=\"elementor-section elementor-top-section elementor-element elementor-element-a3f896e elementor-section-boxed elementor-section-height-default elementor-section-height-default\" data-id=\"a3f896e\" data-element_type=\"section\">\n\t\t\t\t\t\t<div class=\"elementor-container elementor-column-gap-default\">\n\t\t\t\t\t\t\t<div class=\"elementor-row\">\n\t\t\t\t\t<div class=\"elementor-column elementor-col-100 elementor-top-column elementor-element elementor-element-5b15c6b\" data-id=\"5b15c6b\" data-element_type=\"column\">\n\t\t\t<div class=\"elementor-column-wrap elementor-element-populated\">\n\t\t\t\t\t\t\t<div class=\"elementor-widget-wrap\">\n\t\t\t\t\t\t<div class=\"elementor-element elementor-element-8ce678e elementor-widget elementor-widget-text-editor\" data-id=\"8ce678e\" data-element_type=\"widget\" data-widget_type=\"text-editor.default\">\n\t\t\t\t<div class=\"elementor-widget-container\">\n\t\t\t\t\t\t\t\t<div class=\"elementor-text-editor elementor-clearfix\">\n\t\t\t\t<p>Du m\u00f6chtest mehr \u00fcber unsere Leistungen erfahren oder hast Fragen zu unserem Angebot? Kontaktiere und gerne pers\u00f6nlich und wir erarbeiten gemeinsam dein optimales Leistungspaket. Wir stehen dir telefonisch oder per Mail zur Verf\u00fcgung:<\/p>\n<p>Telefon: 08041\/4407048<br>eMail:<a href=\"mailto:kontakt@dielaufwerkstatt.de\"> kontakt@dielaufwerkstatt.de<\/a><\/p>\t\t\t\t\t<\/div>\n\t\t\t\t\t\t<\/div>\n\t\t\t\t<\/div>\n\t\t\t\t\t\t<\/div>\n\t\t\t\t\t<\/div>\n\t\t<\/div>\n\t\t\t\t\t\t\t\t<\/div>\n\t\t\t\t\t<\/div>\n\t\t<\/section>\n\t\t\t\t\t\t\t\t\t<\/div>\n\t\t\t<\/div>\n\t\t\t\t\t<\/div>\n\t\t","protected":false},"excerpt":{"rendered":"<p>DIE LAUFANALYSE Zu einer guten Laufschuhberatung geh\u00f6rt heute eine video- und computergest\u00fctzte Analyse. Wir nutzen hierf\u00fcr das Analysesystem von currex, dem Hamburger Unternehmen, das u.a. spezialisiert ist auf Software- und Messsysteme sowie Komplettanlagen zur orthop\u00e4dischen Biometrie. Modul 1 Zun\u00e4chst wird die Funktionalit\u00e4t und Stabilit\u00e4t der Beine und F\u00fc\u00dfe \u00fcberpr\u00fcft (Fu\u00dfstatus\/ -typ, Rotationsstellung der F\u00fc\u00dfe, Beweglichkeit [&hellip;]<\/p>\n","protected":false},"author":1,"featured_media":0,"parent":0,"menu_order":0,"comment_status":"closed","ping_status":"closed","template":"","meta":{"inline_featured_image":false,"footnotes":""},"class_list":["post-570","page","type-page","status-publish","hentry","entry"],"_links":{"self":[{"href":"https:\/\/dielaufwerkstatt.de\/index.php\/wp-json\/wp\/v2\/pages\/570","targetHints":{"allow":["GET"]}}],"collection":[{"href":"https:\/\/dielaufwerkstatt.de\/index.php\/wp-json\/wp\/v2\/pages"}],"about":[{"href":"https:\/\/dielaufwerkstatt.de\/index.php\/wp-json\/wp\/v2\/types\/page"}],"author":[{"embeddable":true,"href":"https:\/\/dielaufwerkstatt.de\/index.php\/wp-json\/wp\/v2\/users\/1"}],"replies":[{"embeddable":true,"href":"https:\/\/dielaufwerkstatt.de\/index.php\/wp-json\/wp\/v2\/comments?post=570"}],"version-history":[{"count":72,"href":"https:\/\/dielaufwerkstatt.de\/index.php\/wp-json\/wp\/v2\/pages\/570\/revisions"}],"predecessor-version":[{"id":2031,"href":"https:\/\/dielaufwerkstatt.de\/index.php\/wp-json\/wp\/v2\/pages\/570\/revisions\/2031"}],"wp:attachment":[{"href":"https:\/\/dielaufwerkstatt.de\/index.php\/wp-json\/wp\/v2\/media?parent=570"}],"curies":[{"name":"wp","href":"https:\/\/api.w.org\/{rel}","templated":true}]}}